{"id":45,"date":"2023-01-10T12:25:22","date_gmt":"2023-01-10T12:25:22","guid":{"rendered":"https:\/\/marioschwarz.ch\/?page_id=45"},"modified":"2023-12-26T09:21:04","modified_gmt":"2023-12-26T09:21:04","slug":"datenschutzerklaerung","status":"publish","type":"page","link":"https:\/\/marioschwarz.ch\/?page_id=45","title":{"rendered":"Datenschutzerkl\u00e4rung"},"content":{"rendered":"\n<h2 class=\"wp-block-heading\"><\/h2>\n\n\n\n<p><strong>Datenschutzerkl\u00e4rung<\/strong><br>Verantwortliche Stelle im Sinne der Datenschutzgesetze, insbesondere der EU-Datenschutzgrundverordnung (DSGVO), ist:<\/p>\n\n\n\n<p><br>Mario Schwarz<br>Werftstrasse 6 &#8211; CH-9320 Arbon<\/p>\n\n\n\n<p><strong>Allgemeiner Hinweis<\/strong><br>Gest\u00fctzt auf Artikel 13 der schweizerischen Bundesverfassung und die datenschutzrechtlichen Bestimmungen des Bundes (Datenschutzgesetz, DSG) hat jede Person Anspruch auf Schutz ihrer Privatsph\u00e4re sowie auf Schutz vor Missbrauch ihrer pers\u00f6nlichen Daten. Die Betreiber dieser Seiten nehmen den Schutz Ihrer pers\u00f6nlichen Daten sehr ernst. Wir behandeln Ihre personenbezogenen Daten vertraulich und entsprechend der gesetzlichen Datenschutzvorschriften sowie dieser Datenschutzerkl\u00e4rung.<br>In Zusammenarbeit mit unseren Hosting-Providern bem\u00fchen wir uns, die Datenbanken so gut wie m\u00f6glich vor fremden Zugriffen, Verlusten, Missbrauch oder vor F\u00e4lschung zu sch\u00fctzen.<br>Wir weisen darauf hin, dass die Daten\u00fcbertragung im Internet (z.B. bei der Kommunikation per E-Mail) Sicherheitsl\u00fccken aufweisen kann. Ein l\u00fcckenloser Schutz der Daten vor dem Zugriff durch Dritte ist nicht m\u00f6glich.<br>Durch die Nutzung dieser WebSite erkl\u00e4ren Sie sich mit der Erhebung, Verarbeitung und Nutzung von Daten gem\u00e4ss der nachfolgenden Beschreibung einverstanden. Diese WebSite kann grunds\u00e4tzlich ohne Registrierung besucht werden. Dabei werden Daten wie beispielsweise aufgerufene Seiten bzw. Namen der abgerufenen Datei, Datum und Uhrzeit zu statistischen Zwecken auf dem Server gespeichert, ohne dass diese Daten unmittelbar auf Ihre Person bezogen werden. Personenbezogene Daten, insbesondere Name, Adresse oder E-Mail-Adresse werden soweit m\u00f6glich auf freiwilliger Basis erhoben. Ohne Ihre Einwilligung erfolgt keine Weitergabe der Daten an Dritte.<\/p>\n\n\n\n<p><strong>Datenschutzerkl\u00e4rung f\u00fcr Kontaktformular<\/strong><br>Wenn Sie uns per Kontaktformular Anfragen zukommen lassen, werden Ihre Angaben aus dem Anfrageformular inklusive der von Ihnen dort angegebenen Kontaktdaten zwecks Bearbeitung der Anfrage und f\u00fcr den Fall von Anschlussfragen bei uns gespeichert. Diese Daten geben wir nicht ohne Ihre Einwilligung weiter.<\/p>\n\n\n\n<p><strong>Datenschutzerkl\u00e4rung f\u00fcr Newsletterdaten<\/strong><br>Wenn Sie den auf dieser WebSite angebotenen Newsletter beziehen m\u00f6chten, ben\u00f6tigen wir von Ihnen eine E-Mail-Adresse sowie Informationen, welche uns die \u00dcberpr\u00fcfung gestatten, dass Sie der Inhaber der angegebenen E-Mail-Adresse sind und mit dem Empfang des Newsletters einverstanden sind. Weitere Daten werden nicht erhoben. Diese Daten verwenden wir ausschlie\u00dflich f\u00fcr den Versand der angeforderten Informationen und geben sie nicht an Dritte weiter.<br>Die erteilte Einwilligung zur Speicherung der Daten, der E-Mail-Adresse sowie deren Nutzung zum Versand des Newsletters k\u00f6nnen Sie jederzeit widerrufen, etwa \u00fcber den \u00abAustragen\u00bb-Link im Newsletter.<\/p>\n\n\n\n<p><strong>Datenschutzerkl\u00e4rung f\u00fcr Kommentarfunktion auf dieser Webseite<\/strong><br>F\u00fcr die Kommentarfunktion auf dieser WebSite werden neben Ihrem Kommentar auch Angaben zum Zeitpunkt der Erstellung des Kommentars, Ihre E-Mail-Adresse und, wenn Sie nicht anonym posten, der von Ihnen gew\u00e4hlte Nutzername gespeichert.<br>Speicherung der IP Adresse<br>Unsere Kommentarfunktion speichert die IP-Adressen der Nutzer, die Kommentare verfassen. Da wir Kommentare auf unserer Seite nicht vor der Freischaltung pr\u00fcfen, ben\u00f6tigen wir diese Daten, um im Falle von Rechtsverletzungen wie Beleidigungen oder Propaganda gegen den Verfasser vorgehen zu k\u00f6nnen.<br>Abonnieren von Kommentaren<br>Als Nutzer der Seite k\u00f6nnen Sie nach einer Anmeldung Kommentare abonnieren. Sie erhalten eine Best\u00e4tigungsemail, um zu pr\u00fcfen, ob Sie der Inhaber der angegebenen E-Mail-Adresse sind. Sie k\u00f6nnen diese Funktion jederzeit \u00fcber einen Link in den Info-Mails abbestellen.<\/p>\n\n\n\n<p><strong>Datenschutzerkl\u00e4rung f\u00fcr Widerspruch Werbe-Mails<\/strong><br>Der Nutzung von im Rahmen der Impressumspflicht ver\u00f6ffentlichten Kontaktdaten zur \u00dcbersendung von nicht ausdr\u00fccklich angeforderter Werbung und Informationsmaterialien wird hiermit widersprochen. Die Betreiber der Seiten behalten sich ausdr\u00fccklich rechtliche Schritte im Falle der unverlangten Zusendung von Werbeinformationen, etwa durch Spam-E-Mails, vor.<\/p>\n\n\n\n<p><strong>Verwendung von Google Maps<\/strong><br>Diese WebSite verwendet Google Maps API, um geographische Informationen visuell darzustellen. Bei der Nutzung von Google Maps werden von Google auch Daten \u00fcber die Nutzung der Kartenfunktionen durch Besucher erhoben, verarbeitet und genutzt. N\u00e4here Informationen \u00fcber die Datenverarbeitung durch Google k\u00f6nnen Sie den Google-Datenschutzhinweisen entnehmen. Dort k\u00f6nnen Sie im Datenschutzcenter auch Ihre pers\u00f6nlichen Datenschutz-Einstellungen ver\u00e4ndern.<br>Ausf\u00fchrliche Anleitungen zur Verwaltung der eigenen Daten im Zusammenhang mit Google-Produkten finden Sie hier.<\/p>\n\n\n\n<p><strong>Datenschutzerkl\u00e4rung f\u00fcr Facebook<\/strong><br>Diese WebSite verwendet Funktionen von Facebook Inc., 1601 S. California Ave, Palo Alto, CA 94304, USA . Bei Aufruf unserer Seiten mit Facebook-Plug-Ins wird eine Verbindung zwischen Ihrem Browser und den Servern von Facebook aufgebaut. Dabei werden bereits Daten an Facebook \u00fcbertragen. Besitzen Sie einen Facebook-Account, k\u00f6nnen diese Daten damit verkn\u00fcpft werden. Wenn Sie keine Zuordnung dieser Daten zu Ihrem Facebook-Account w\u00fcnschen, loggen Sie sich bitte vor dem Besuch unserer Seite bei Facebook aus. Interaktionen, insbesondere das Nutzen einer Kommentarfunktion oder das Anklicken eines \u201eLike\u201c- oder \u201eTeilen\u201c-Buttons werden ebenfalls an Facebook weitergegeben. Mehr erfahren Sie unter https:\/\/de-de.facebook.com\/about\/privacy.<\/p>\n\n\n\n<p><strong>Datenschutzerkl\u00e4rung f\u00fcr Twitter<\/strong><br>Diese WebSite verwendet Funktionen von Twitter, Inc., 1355 Market St, Suite 900, San Francisco, CA 94103, USA. Bei Aufruf unserer Seiten mit Twitter-Plug-Ins wird eine Verbindung zwischen Ihrem Browser und den Servern von Twitter aufgebaut. Dabei werden bereits Daten an Twitter \u00fcbertragen. Besitzen Sie einen Twitter-Account, k\u00f6nnen diese Daten damit verkn\u00fcpft werden. Wenn Sie keine Zuordnung dieser Daten zu Ihrem Twitter-Account w\u00fcnschen, loggen Sie sich bitte vor dem Besuch unserer Seite bei Twitter aus. Interaktionen, insbesondere das Anklicken eines \u201eRe-Tweet\u201c-Buttons werden ebenfalls an Twitter weitergegeben. Mehr erfahren Sie unter https:\/\/twitter.com\/privacy.<\/p>\n\n\n\n<p><strong>Datenschutzerkl\u00e4rung f\u00fcr Instagram<\/strong><br>Auf unseren Seiten sind Funktionen des Dienstes Instagram eingebunden. Diese Funktionen werden angeboten durch die Instagram Inc., 1601 Willow Road, Menlo Park, CA, 94025, USA integriert. Wenn Sie in Ihrem Instagram-Account eingeloggt sind k\u00f6nnen Sie durch Anklicken des Instagram-Buttons die Inhalte unserer Seiten mit Ihrem Instagram-Profil verlinken. Dadurch kann Instagram den Besuch unserer Seiten Ihrem Benutzerkonto zuordnen. Wir weisen darauf hin, dass wir als Anbieter der Seiten keine Kenntnis vom Inhalt der \u00fcbermittelten Daten sowie deren Nutzung durch Instagram erhalten.<br>Weitere Informationen hierzu finden Sie in der Datenschutzerkl\u00e4rung von Instagram: http:\/\/instagram.com\/about\/legal\/privacy\/<\/p>\n\n\n\n<p><strong>Newsletter \u2013 Mailchimp<\/strong><br>Der Versand der Newsletter erfolgt mittels des Versanddienstleisters \u2039MailChimp\u203a, einer Newsletterversandplattform des US-Anbieters Rocket Science Group, LLC, 675 Ponce De Leon Ave NE #5000, Atlanta, GA 30308, USA. Die Datenschutzbestimmungen des Versanddienstleisters k\u00f6nnen Sie hier einsehen. The Rocket Science Group LLC d\/b\/a MailChimp ist unter dem Privacy-Shield-Abkommen zertifiziert und bietet hierdurch eine Garantie, das europ\u00e4isches Datenschutzniveau einzuhalten (PrivacyShield). Der Versanddienstleister wird auf Grundlage unserer berechtigten Interessen gem. Art. 6 Abs. 1 lit. f DSGVO und eines Auftragsverarbeitungsvertrages gem. Art. 28 Abs. 3 S. 1 DSGVO eingesetzt.<br>Der Versanddienstleister kann die Daten der Empf\u00e4nger in pseudonymer Form, d.h. ohne Zuordnung zu einem Nutzer, zur Optimierung oder Verbesserung der eigenen Services nutzen, z.B. zur technischen Optimierung des Versandes und der Darstellung der Newsletter oder f\u00fcr statistische Zwecke verwenden. Der Versanddienstleister nutzt die Daten unserer Newsletterempf\u00e4nger jedoch nicht, um diese selbst anzuschreiben oder um die Daten an Dritte weiterzugeben.<\/p>\n\n\n\n<p><strong>Datenschutzerkl\u00e4rung f\u00fcr YouTube<\/strong><br>Diese WebSite nutzt Plugins der von Google betriebenen Seite YouTube. Betreiber der Seiten ist die YouTube, LLC, 901 Cherry Ave., San Bruno, CA 94066, USA. Wenn Sie eine unserer mit einem YouTube-Plugin ausgestatteten Seiten besuchen, wird eine Verbindung zu den Servern von YouTube hergestellt. Dabei wird dem Youtube-Server mitgeteilt, welche unserer Seiten Sie besucht haben.<br>Wenn Sie in Ihrem YouTube-Account eingeloggt sind erm\u00f6glichen Sie YouTube, Ihr Surfverhalten direkt Ihrem pers\u00f6nlichen Profil zuzuordnen. Dies k\u00f6nnen Sie verhindern, indem Sie sich aus Ihrem YouTube-Account ausloggen.<br>Weitere Informationen zum Umgang von Nutzerdaten finden Sie in der Datenschutzerkl\u00e4rung von YouTube unter: https:\/\/www.google.de\/intl\/de\/policies\/privacy<\/p>\n\n\n\n<p><strong>Urheberrechte<\/strong><br>Die Urheber- und alle anderen Rechte an Inhalten, Bildern, Fotos oder anderen Dateien auf der Website, geh\u00f6ren ausschliesslich dem Betreiber dieser Website oder den speziell genannten Rechteinhabern. F\u00fcr die Reproduktion von s\u00e4mtlichen Dateien, ist die schriftliche Zustimmung des Urheberrechtstr\u00e4gers im Voraus einzuholen.<br>Wer ohne Einwilligung des jeweiligen Rechteinhabers eine Urheberrechtsverletzung begeht, kann sich strafbar und allenfalls Schadenersatzpflichtig machen.<\/p>\n\n\n\n<p><strong>Allgemeiner Haftungsausschluss<\/strong><br>Alle Angaben unseres Internetangebotes wurden sorgf\u00e4ltig gepr\u00fcft. Wir bem\u00fchen uns, unser Informationsangebot aktuell, inhaltlich richtig und vollst\u00e4ndig anzubieten. Trotzdem kann das Auftreten von Fehlern nicht v\u00f6llig ausgeschlossen werden, womit wir keine Garantie f\u00fcr Vollst\u00e4ndigkeit, Richtigkeit und Aktualit\u00e4t von Informationen auch journalistisch-redaktioneller Art \u00fcbernehmen k\u00f6nnen. Haftungsanspr\u00fcche aus Sch\u00e4den materieller oder ideeller Art, die durch die Nutzung der angebotenen Informationen verursacht wurden, sind ausgeschlossen, sofern kein nachweislich vors\u00e4tzliches oder grob fahrl\u00e4ssiges Verschulden vorliegt.<br>Der Herausgeber kann nach eigenem Ermessen und ohne Ank\u00fcndigung Texte ver\u00e4ndern oder l\u00f6schen und ist nicht verpflichtet, Inhalte dieser Website zu aktualisieren. Die Benutzung bzw. der Zugang zu dieser Website geschieht auf eigene Gefahr des Besuchers. Der Herausgeber, seine Auftraggeber oder Partner sind nicht verantwortlich f\u00fcr Sch\u00e4den, wie direkte, indirekte, zuf\u00e4llige, vorab konkret zu bestimmende oder Folgesch\u00e4den, die angeblich durch den Besuch dieser Website entstanden sind und \u00fcbernehmen hierf\u00fcr folglich keine Haftung.<br>Der Herausgeber \u00fcbernimmt ebenfalls keine Verantwortung und Haftung f\u00fcr die Inhalte und die Verf\u00fcgbarkeit von Webseiten Dritter, die \u00fcber externe Links dieser Webseite erreichbar sind. F\u00fcr den Inhalt der verlinkten Seiten sind ausschliesslich deren Betreiber verantwortlich. Der Herausgeber distanziert sich damit ausdr\u00fccklich von allen Inhalten Dritter, die m\u00f6glicherweise straf- oder haftungsrechtlich relevant sind oder gegen die guten Sitten verstossen.<\/p>\n\n\n\n<p><strong>\u00c4nderungen<\/strong><br>Wir k\u00f6nnen diese Datenschutzerkl\u00e4rung jederzeit ohne Vorank\u00fcndigung anpassen. Es gilt die jeweils aktuelle, auf unserer Website publizierte Fassung. Soweit die Datenschutzerkl\u00e4rung Teil einer Vereinbarung mit Ihnen ist, werden wir Sie im Falle einer Aktualisierung \u00fcber die \u00c4nderung per E-Mail oder auf andere geeignete Weise informieren.<\/p>\n\n\n\n<p><strong>Fragen an den Datenschutzbeauftragten<\/strong><br>Wenn Sie Fragen zum Datenschutz haben, schreiben Sie uns bitte eine E-Mail oder wenden Sie sich direkt an die f\u00fcr den Datenschutz zu Beginn der Datenschutzerkl\u00e4rung aufgef\u00fchrten, verantwortlichen Person in unserer Organisation.<\/p>\n\n\n\n<p>Arbon 10.01.2023<\/p>\n","protected":false},"excerpt":{"rendered":"<p>Datenschutzerkl\u00e4rungVerantwortliche Stelle im Sinne der Datenschutzgesetze, insbesondere der EU-Datenschutzgrundverordnung (DSGVO), ist: Mario SchwarzWerftstrasse 6 &#8211; CH-9320 Arbon Allgemeiner HinweisGest\u00fctzt auf Artikel 13 der schweizerischen Bundesverfassung und die datenschutzrechtlichen Bestimmungen des Bundes (Datenschutzgesetz, DSG) hat jede Person Anspruch auf Schutz ihrer Privatsph\u00e4re sowie auf Schutz vor Missbrauch ihrer pers\u00f6nlichen Daten. Die Betreiber dieser Seiten nehmen den&hellip; <a class=\"more-link\" href=\"https:\/\/marioschwarz.ch\/?page_id=45\">Continue reading <span class=\"screen-reader-text\">Datenschutzerkl\u00e4rung<\/span><\/a><\/p>\n","protected":false},"author":1,"featured_media":0,"parent":0,"menu_order":0,"comment_status":"closed","ping_status":"closed","template":"","meta":{"footnotes":""},"class_list":["post-45","page","type-page","status-publish","hentry","gallery-content-unit","entry"],"yoast_head":"<!-- This site is optimized with the Yoast SEO plugin v27.5 - https:\/\/yoast.com\/product\/yoast-seo-wordpress\/ -->\n<title>Datenschutzerkl\u00e4rung - Mario Schwarz<\/title>\n<meta name=\"description\" content=\"Musiker Holzkunst Holzskulpturen K\u00fcnstler\" \/>\n<meta name=\"robots\" content=\"index, follow, max-snippet:-1, max-image-preview:large, max-video-preview:-1\" \/>\n<link rel=\"canonical\" href=\"https:\/\/marioschwarz.ch\/?page_id=45\" \/>\n<meta property=\"og:locale\" content=\"de_DE\" \/>\n<meta property=\"og:type\" content=\"article\" \/>\n<meta property=\"og:title\" content=\"Datenschutzerkl\u00e4rung - Mario Schwarz\" \/>\n<meta property=\"og:description\" content=\"Musiker Holzkunst Holzskulpturen K\u00fcnstler\" \/>\n<meta property=\"og:url\" content=\"https:\/\/marioschwarz.ch\/?page_id=45\" \/>\n<meta property=\"og:site_name\" content=\"Mario Schwarz\" \/>\n<meta property=\"article:modified_time\" content=\"2023-12-26T09:21:04+00:00\" \/>\n<meta name=\"twitter:card\" content=\"summary_large_image\" \/>\n<meta name=\"twitter:label1\" content=\"Gesch\u00e4tzte Lesezeit\" \/>\n\t<meta name=\"twitter:data1\" content=\"9\u00a0Minuten\" \/>\n<script type=\"application\/ld+json\" class=\"yoast-schema-graph\">{\"@context\":\"https:\\\/\\\/schema.org\",\"@graph\":[{\"@type\":\"WebPage\",\"@id\":\"https:\\\/\\\/marioschwarz.ch\\\/?page_id=45\",\"url\":\"https:\\\/\\\/marioschwarz.ch\\\/?page_id=45\",\"name\":\"Datenschutzerkl\u00e4rung - Mario Schwarz\",\"isPartOf\":{\"@id\":\"https:\\\/\\\/marioschwarz.ch\\\/#website\"},\"datePublished\":\"2023-01-10T12:25:22+00:00\",\"dateModified\":\"2023-12-26T09:21:04+00:00\",\"description\":\"Musiker Holzkunst Holzskulpturen K\u00fcnstler\",\"breadcrumb\":{\"@id\":\"https:\\\/\\\/marioschwarz.ch\\\/?page_id=45#breadcrumb\"},\"inLanguage\":\"de-CH\",\"potentialAction\":[{\"@type\":\"ReadAction\",\"target\":[\"https:\\\/\\\/marioschwarz.ch\\\/?page_id=45\"]}]},{\"@type\":\"BreadcrumbList\",\"@id\":\"https:\\\/\\\/marioschwarz.ch\\\/?page_id=45#breadcrumb\",\"itemListElement\":[{\"@type\":\"ListItem\",\"position\":1,\"name\":\"Home\",\"item\":\"https:\\\/\\\/marioschwarz.ch\\\/\"},{\"@type\":\"ListItem\",\"position\":2,\"name\":\"Datenschutzerkl\u00e4rung\"}]},{\"@type\":\"WebSite\",\"@id\":\"https:\\\/\\\/marioschwarz.ch\\\/#website\",\"url\":\"https:\\\/\\\/marioschwarz.ch\\\/\",\"name\":\"Mario Schwarz\",\"description\":\"Holz drechseln mit Leidenschaft\",\"publisher\":{\"@id\":\"https:\\\/\\\/marioschwarz.ch\\\/#\\\/schema\\\/person\\\/2ed80198f85a0d4d69f269d8a9d34ae9\"},\"alternateName\":\"Holz drechseln mit Leidenschaft\",\"potentialAction\":[{\"@type\":\"SearchAction\",\"target\":{\"@type\":\"EntryPoint\",\"urlTemplate\":\"https:\\\/\\\/marioschwarz.ch\\\/?s={search_term_string}\"},\"query-input\":{\"@type\":\"PropertyValueSpecification\",\"valueRequired\":true,\"valueName\":\"search_term_string\"}}],\"inLanguage\":\"de-CH\"},{\"@type\":[\"Person\",\"Organization\"],\"@id\":\"https:\\\/\\\/marioschwarz.ch\\\/#\\\/schema\\\/person\\\/2ed80198f85a0d4d69f269d8a9d34ae9\",\"name\":\"marioschwarz\",\"image\":{\"@type\":\"ImageObject\",\"inLanguage\":\"de-CH\",\"@id\":\"https:\\\/\\\/secure.gravatar.com\\\/avatar\\\/7ee8c6b75e8f935f2305b7262584040e86b76bf739979abf8eb2534582288a46?s=96&d=mm&r=g\",\"url\":\"https:\\\/\\\/secure.gravatar.com\\\/avatar\\\/7ee8c6b75e8f935f2305b7262584040e86b76bf739979abf8eb2534582288a46?s=96&d=mm&r=g\",\"contentUrl\":\"https:\\\/\\\/secure.gravatar.com\\\/avatar\\\/7ee8c6b75e8f935f2305b7262584040e86b76bf739979abf8eb2534582288a46?s=96&d=mm&r=g\",\"caption\":\"marioschwarz\"},\"logo\":{\"@id\":\"https:\\\/\\\/secure.gravatar.com\\\/avatar\\\/7ee8c6b75e8f935f2305b7262584040e86b76bf739979abf8eb2534582288a46?s=96&d=mm&r=g\"}}]}<\/script>\n<!-- \/ Yoast SEO plugin. -->","yoast_head_json":{"title":"Datenschutzerkl\u00e4rung - Mario Schwarz","description":"Musiker Holzkunst Holzskulpturen K\u00fcnstler","robots":{"index":"index","follow":"follow","max-snippet":"max-snippet:-1","max-image-preview":"max-image-preview:large","max-video-preview":"max-video-preview:-1"},"canonical":"https:\/\/marioschwarz.ch\/?page_id=45","og_locale":"de_DE","og_type":"article","og_title":"Datenschutzerkl\u00e4rung - Mario Schwarz","og_description":"Musiker Holzkunst Holzskulpturen K\u00fcnstler","og_url":"https:\/\/marioschwarz.ch\/?page_id=45","og_site_name":"Mario Schwarz","article_modified_time":"2023-12-26T09:21:04+00:00","twitter_card":"summary_large_image","twitter_misc":{"Gesch\u00e4tzte Lesezeit":"9\u00a0Minuten"},"schema":{"@context":"https:\/\/schema.org","@graph":[{"@type":"WebPage","@id":"https:\/\/marioschwarz.ch\/?page_id=45","url":"https:\/\/marioschwarz.ch\/?page_id=45","name":"Datenschutzerkl\u00e4rung - Mario Schwarz","isPartOf":{"@id":"https:\/\/marioschwarz.ch\/#website"},"datePublished":"2023-01-10T12:25:22+00:00","dateModified":"2023-12-26T09:21:04+00:00","description":"Musiker Holzkunst Holzskulpturen K\u00fcnstler","breadcrumb":{"@id":"https:\/\/marioschwarz.ch\/?page_id=45#breadcrumb"},"inLanguage":"de-CH","potentialAction":[{"@type":"ReadAction","target":["https:\/\/marioschwarz.ch\/?page_id=45"]}]},{"@type":"BreadcrumbList","@id":"https:\/\/marioschwarz.ch\/?page_id=45#breadcrumb","itemListElement":[{"@type":"ListItem","position":1,"name":"Home","item":"https:\/\/marioschwarz.ch\/"},{"@type":"ListItem","position":2,"name":"Datenschutzerkl\u00e4rung"}]},{"@type":"WebSite","@id":"https:\/\/marioschwarz.ch\/#website","url":"https:\/\/marioschwarz.ch\/","name":"Mario Schwarz","description":"Holz drechseln mit Leidenschaft","publisher":{"@id":"https:\/\/marioschwarz.ch\/#\/schema\/person\/2ed80198f85a0d4d69f269d8a9d34ae9"},"alternateName":"Holz drechseln mit Leidenschaft","potentialAction":[{"@type":"SearchAction","target":{"@type":"EntryPoint","urlTemplate":"https:\/\/marioschwarz.ch\/?s={search_term_string}"},"query-input":{"@type":"PropertyValueSpecification","valueRequired":true,"valueName":"search_term_string"}}],"inLanguage":"de-CH"},{"@type":["Person","Organization"],"@id":"https:\/\/marioschwarz.ch\/#\/schema\/person\/2ed80198f85a0d4d69f269d8a9d34ae9","name":"marioschwarz","image":{"@type":"ImageObject","inLanguage":"de-CH","@id":"https:\/\/secure.gravatar.com\/avatar\/7ee8c6b75e8f935f2305b7262584040e86b76bf739979abf8eb2534582288a46?s=96&d=mm&r=g","url":"https:\/\/secure.gravatar.com\/avatar\/7ee8c6b75e8f935f2305b7262584040e86b76bf739979abf8eb2534582288a46?s=96&d=mm&r=g","contentUrl":"https:\/\/secure.gravatar.com\/avatar\/7ee8c6b75e8f935f2305b7262584040e86b76bf739979abf8eb2534582288a46?s=96&d=mm&r=g","caption":"marioschwarz"},"logo":{"@id":"https:\/\/secure.gravatar.com\/avatar\/7ee8c6b75e8f935f2305b7262584040e86b76bf739979abf8eb2534582288a46?s=96&d=mm&r=g"}}]}},"_links":{"self":[{"href":"https:\/\/marioschwarz.ch\/index.php?rest_route=\/wp\/v2\/pages\/45","targetHints":{"allow":["GET"]}}],"collection":[{"href":"https:\/\/marioschwarz.ch\/index.php?rest_route=\/wp\/v2\/pages"}],"about":[{"href":"https:\/\/marioschwarz.ch\/index.php?rest_route=\/wp\/v2\/types\/page"}],"author":[{"embeddable":true,"href":"https:\/\/marioschwarz.ch\/index.php?rest_route=\/wp\/v2\/users\/1"}],"replies":[{"embeddable":true,"href":"https:\/\/marioschwarz.ch\/index.php?rest_route=%2Fwp%2Fv2%2Fcomments&post=45"}],"version-history":[{"count":2,"href":"https:\/\/marioschwarz.ch\/index.php?rest_route=\/wp\/v2\/pages\/45\/revisions"}],"predecessor-version":[{"id":471,"href":"https:\/\/marioschwarz.ch\/index.php?rest_route=\/wp\/v2\/pages\/45\/revisions\/471"}],"wp:attachment":[{"href":"https:\/\/marioschwarz.ch\/index.php?rest_route=%2Fwp%2Fv2%2Fmedia&parent=45"}],"curies":[{"name":"wp","href":"https:\/\/api.w.org\/{rel}","templated":true}]}}