{"id":24,"date":"2023-01-10T11:52:53","date_gmt":"2023-01-10T11:52:53","guid":{"rendered":"https:\/\/marioschwarz.ch\/?page_id=24"},"modified":"2023-01-22T16:30:05","modified_gmt":"2023-01-22T16:30:05","slug":"biografie","status":"publish","type":"page","link":"https:\/\/marioschwarz.ch\/?page_id=24","title":{"rendered":"Biografie"},"content":{"rendered":"\n<div class=\"wp-block-media-text alignwide is-stacked-on-mobile is-image-fill\" style=\"grid-template-columns:32% auto\"><figure class=\"wp-block-media-text__media\" style=\"background-image:url(https:\/\/marioschwarz.ch\/wp-content\/uploads\/2023\/01\/foto-ms-1.jpg);background-position:50% 50%\"><img loading=\"lazy\" decoding=\"async\" width=\"768\" height=\"1024\" src=\"https:\/\/marioschwarz.ch\/wp-content\/uploads\/2023\/01\/foto-ms-1.jpg\" alt=\"\" class=\"wp-image-27 size-full\" srcset=\"https:\/\/marioschwarz.ch\/wp-content\/uploads\/2023\/01\/foto-ms-1.jpg 768w, https:\/\/marioschwarz.ch\/wp-content\/uploads\/2023\/01\/foto-ms-1-225x300.jpg 225w\" sizes=\"auto, (max-width: 768px) 100vw, 768px\" \/><\/figure><div class=\"wp-block-media-text__content\">\n<p>Mario Schwarz wurde 1949 in Trun im Kanton Graub\u00fcnden geboren. Sein Musikstudium absolvierte er an der Akademie f\u00fcr Schul- und Kirchenmusik Luzern (Dirigieren, Schulmusik, Orgel und Gesang). Er setzte seine Studien an der Hochschule f\u00fcr Musik und darstellende Kunst in Frankfurt a.M. bei Helmuth Rilling fort und belegte dar\u00fcber hinaus Meisterkurse bei Rafael Kubelik, Gerhard Schmid-Gaden und Helmuth Rilling.<br>Bekannt geworden ist Mario Schwarz durch viele Urauff\u00fchrungen. Dabei standen f\u00fcr ihn Werke von Schweizer Komponisten im Vordergrund. Er war Leiter und Gr\u00fcnder von Chor und Orchester des Collegium Musicum Ostschweiz. Den Kammerchor Oberthurgau leitete er beinahe 30 Jahre mit dem er die grossen Oratorien und Messen von Bach, Haydn, Brahms, Mendelssohn u.s.w. dirigierte. Von 1995 bis 2017 gab er Konzerte im Rahmen des Bodenseefestivals wo er auch in der Programmkommission war. Sein besonderes Augenmerk galt der Entdeckung neuer und alter Rarit\u00e4ten. So hat er vergessene Oratorien wie \u201eDer heilige Gallus\u201c und \u201eJudith\u201c von Carl Greith oder Johannes Hus von Carl Loewe zur Erstauff\u00fchrung gebracht. Mario Schwarz spielte verschiedene Radio- (DRS, SWR 2, ORF und HR) und CD-Aufnahmen ein. 2004 dirigierte er die Urauff\u00fchrung der Oper \u201eTredeschin\u201c von G.A. Derungs.\u00a0<br>2004 erhielt Mario Schwarz den Anerkennungspreis des Kantons Graub\u00fcnden und 2007 denjenigen des Kantons St. Gallen. Er ist Ehrendirigent des Collegium Musicum Ostschweiz und Ehrenmitglied der Paul Huber-Gesellschaft. 2009 konnte er das Violinkonzert von Heinrich von Herzogenberg zur Welturauff\u00fchrung bringen. 2010 dirigierte er im Rahmen des 100-Jahr-Jubil\u00e4ums zum 100. Todestag von Henry Dunant das szenische Musikwerk \u201eHenry Dunant\u201c von Gion Antoni Derungs (Libretto Hans-Rudolf Merz). Dieses Werk dirigierte er auch in Sarajevo, in der Victoria Hall in Genf und in Moskau. 1993 gr\u00fcndete er die \u201ePaul Huber-Gesellschaft und 2013 die \u201eFundaziun Gion Antoni Derungs\u201c. Seit seiner Pensionierung setzt er sich insbesondere als Herausgeber f\u00fcr die Werke von Gion Antoni Derungs, Paul Huber und Heinrich von Herzogenberg ein.<\/p>\n\n\n\n<p>Nach seiner Pensionierung im Jahre 2018 hat er sich mit der Materie des Drechselns besch\u00e4ftigt. Heute hat sich dieses Hobby in eine Passion verwandelt. Ihn faszinieren insbesondere die Strukturen des Holzes. So sucht er gerne H\u00f6lzer, die vielleicht nicht perfekt sind, sondern vom \u201eLeben\u201c gezeichnet sind.<\/p>\n<\/div><\/div>\n\n\n\n<p> <\/p>\n","protected":false},"excerpt":{"rendered":"<p>Mario Schwarz wurde 1949 in Trun im Kanton Graub\u00fcnden geboren. Sein Musikstudium absolvierte er an der Akademie f\u00fcr Schul- und Kirchenmusik Luzern (Dirigieren, Schulmusik, Orgel und Gesang). Er setzte seine Studien an der Hochschule f\u00fcr Musik und darstellende Kunst in Frankfurt a.M. bei Helmuth Rilling fort und belegte dar\u00fcber hinaus Meisterkurse bei Rafael Kubelik, Gerhard&hellip; <a class=\"more-link\" href=\"https:\/\/marioschwarz.ch\/?page_id=24\">Continue reading <span class=\"screen-reader-text\">Biografie<\/span><\/a><\/p>\n","protected":false},"author":1,"featured_media":0,"parent":0,"menu_order":0,"comment_status":"closed","ping_status":"closed","template":"","meta":{"footnotes":""},"class_list":["post-24","page","type-page","status-publish","hentry","gallery-content-unit","entry"],"yoast_head":"<!-- This site is optimized with the Yoast SEO plugin v27.3 - https:\/\/yoast.com\/product\/yoast-seo-wordpress\/ -->\n<title>Biografie - Mario Schwarz<\/title>\n<meta name=\"description\" content=\"Ihn faszinieren insbesondere die Strukturen des Holzes. So sucht er gerne H\u00f6lzer, die vielleicht nicht perfekt sind, sondern vom \u201eLeben\u201c gezeichnet sind.\" \/>\n<meta name=\"robots\" content=\"index, follow, max-snippet:-1, max-image-preview:large, max-video-preview:-1\" \/>\n<link rel=\"canonical\" href=\"https:\/\/marioschwarz.ch\/?page_id=24\" \/>\n<meta property=\"og:locale\" content=\"de_DE\" \/>\n<meta property=\"og:type\" content=\"article\" \/>\n<meta property=\"og:title\" content=\"Biografie - Mario Schwarz\" \/>\n<meta property=\"og:description\" content=\"Ihn faszinieren insbesondere die Strukturen des Holzes. So sucht er gerne H\u00f6lzer, die vielleicht nicht perfekt sind, sondern vom \u201eLeben\u201c gezeichnet sind.\" \/>\n<meta property=\"og:url\" content=\"https:\/\/marioschwarz.ch\/?page_id=24\" \/>\n<meta property=\"og:site_name\" content=\"Mario Schwarz\" \/>\n<meta property=\"article:modified_time\" content=\"2023-01-22T16:30:05+00:00\" \/>\n<meta property=\"og:image\" content=\"https:\/\/marioschwarz.ch\/wp-content\/uploads\/2023\/01\/foto-ms-1.jpg\" \/>\n<meta name=\"twitter:card\" content=\"summary_large_image\" \/>\n<meta name=\"twitter:label1\" content=\"Gesch\u00e4tzte Lesezeit\" \/>\n\t<meta name=\"twitter:data1\" content=\"3\u00a0Minuten\" \/>\n<script type=\"application\/ld+json\" class=\"yoast-schema-graph\">{\"@context\":\"https:\\\/\\\/schema.org\",\"@graph\":[{\"@type\":\"WebPage\",\"@id\":\"https:\\\/\\\/marioschwarz.ch\\\/?page_id=24\",\"url\":\"https:\\\/\\\/marioschwarz.ch\\\/?page_id=24\",\"name\":\"Biografie - Mario Schwarz\",\"isPartOf\":{\"@id\":\"https:\\\/\\\/marioschwarz.ch\\\/#website\"},\"primaryImageOfPage\":{\"@id\":\"https:\\\/\\\/marioschwarz.ch\\\/?page_id=24#primaryimage\"},\"image\":{\"@id\":\"https:\\\/\\\/marioschwarz.ch\\\/?page_id=24#primaryimage\"},\"thumbnailUrl\":\"https:\\\/\\\/marioschwarz.ch\\\/wp-content\\\/uploads\\\/2023\\\/01\\\/foto-ms-1.jpg\",\"datePublished\":\"2023-01-10T11:52:53+00:00\",\"dateModified\":\"2023-01-22T16:30:05+00:00\",\"description\":\"Ihn faszinieren insbesondere die Strukturen des Holzes. So sucht er gerne H\u00f6lzer, die vielleicht nicht perfekt sind, sondern vom \u201eLeben\u201c gezeichnet sind.\",\"breadcrumb\":{\"@id\":\"https:\\\/\\\/marioschwarz.ch\\\/?page_id=24#breadcrumb\"},\"inLanguage\":\"de-CH\",\"potentialAction\":[{\"@type\":\"ReadAction\",\"target\":[\"https:\\\/\\\/marioschwarz.ch\\\/?page_id=24\"]}]},{\"@type\":\"ImageObject\",\"inLanguage\":\"de-CH\",\"@id\":\"https:\\\/\\\/marioschwarz.ch\\\/?page_id=24#primaryimage\",\"url\":\"https:\\\/\\\/marioschwarz.ch\\\/wp-content\\\/uploads\\\/2023\\\/01\\\/foto-ms-1.jpg\",\"contentUrl\":\"https:\\\/\\\/marioschwarz.ch\\\/wp-content\\\/uploads\\\/2023\\\/01\\\/foto-ms-1.jpg\",\"width\":768,\"height\":1024},{\"@type\":\"BreadcrumbList\",\"@id\":\"https:\\\/\\\/marioschwarz.ch\\\/?page_id=24#breadcrumb\",\"itemListElement\":[{\"@type\":\"ListItem\",\"position\":1,\"name\":\"Home\",\"item\":\"https:\\\/\\\/marioschwarz.ch\\\/\"},{\"@type\":\"ListItem\",\"position\":2,\"name\":\"Biografie\"}]},{\"@type\":\"WebSite\",\"@id\":\"https:\\\/\\\/marioschwarz.ch\\\/#website\",\"url\":\"https:\\\/\\\/marioschwarz.ch\\\/\",\"name\":\"Mario Schwarz\",\"description\":\"Holz drechseln mit Leidenschaft\",\"publisher\":{\"@id\":\"https:\\\/\\\/marioschwarz.ch\\\/#\\\/schema\\\/person\\\/2ed80198f85a0d4d69f269d8a9d34ae9\"},\"alternateName\":\"Holz drechseln mit Leidenschaft\",\"potentialAction\":[{\"@type\":\"SearchAction\",\"target\":{\"@type\":\"EntryPoint\",\"urlTemplate\":\"https:\\\/\\\/marioschwarz.ch\\\/?s={search_term_string}\"},\"query-input\":{\"@type\":\"PropertyValueSpecification\",\"valueRequired\":true,\"valueName\":\"search_term_string\"}}],\"inLanguage\":\"de-CH\"},{\"@type\":[\"Person\",\"Organization\"],\"@id\":\"https:\\\/\\\/marioschwarz.ch\\\/#\\\/schema\\\/person\\\/2ed80198f85a0d4d69f269d8a9d34ae9\",\"name\":\"marioschwarz\",\"image\":{\"@type\":\"ImageObject\",\"inLanguage\":\"de-CH\",\"@id\":\"https:\\\/\\\/secure.gravatar.com\\\/avatar\\\/7ee8c6b75e8f935f2305b7262584040e86b76bf739979abf8eb2534582288a46?s=96&d=mm&r=g\",\"url\":\"https:\\\/\\\/secure.gravatar.com\\\/avatar\\\/7ee8c6b75e8f935f2305b7262584040e86b76bf739979abf8eb2534582288a46?s=96&d=mm&r=g\",\"contentUrl\":\"https:\\\/\\\/secure.gravatar.com\\\/avatar\\\/7ee8c6b75e8f935f2305b7262584040e86b76bf739979abf8eb2534582288a46?s=96&d=mm&r=g\",\"caption\":\"marioschwarz\"},\"logo\":{\"@id\":\"https:\\\/\\\/secure.gravatar.com\\\/avatar\\\/7ee8c6b75e8f935f2305b7262584040e86b76bf739979abf8eb2534582288a46?s=96&d=mm&r=g\"}}]}<\/script>\n<!-- \/ Yoast SEO plugin. -->","yoast_head_json":{"title":"Biografie - Mario Schwarz","description":"Ihn faszinieren insbesondere die Strukturen des Holzes. So sucht er gerne H\u00f6lzer, die vielleicht nicht perfekt sind, sondern vom \u201eLeben\u201c gezeichnet sind.","robots":{"index":"index","follow":"follow","max-snippet":"max-snippet:-1","max-image-preview":"max-image-preview:large","max-video-preview":"max-video-preview:-1"},"canonical":"https:\/\/marioschwarz.ch\/?page_id=24","og_locale":"de_DE","og_type":"article","og_title":"Biografie - Mario Schwarz","og_description":"Ihn faszinieren insbesondere die Strukturen des Holzes. So sucht er gerne H\u00f6lzer, die vielleicht nicht perfekt sind, sondern vom \u201eLeben\u201c gezeichnet sind.","og_url":"https:\/\/marioschwarz.ch\/?page_id=24","og_site_name":"Mario Schwarz","article_modified_time":"2023-01-22T16:30:05+00:00","og_image":[{"url":"https:\/\/marioschwarz.ch\/wp-content\/uploads\/2023\/01\/foto-ms-1.jpg","type":"","width":"","height":""}],"twitter_card":"summary_large_image","twitter_misc":{"Gesch\u00e4tzte Lesezeit":"3\u00a0Minuten"},"schema":{"@context":"https:\/\/schema.org","@graph":[{"@type":"WebPage","@id":"https:\/\/marioschwarz.ch\/?page_id=24","url":"https:\/\/marioschwarz.ch\/?page_id=24","name":"Biografie - Mario Schwarz","isPartOf":{"@id":"https:\/\/marioschwarz.ch\/#website"},"primaryImageOfPage":{"@id":"https:\/\/marioschwarz.ch\/?page_id=24#primaryimage"},"image":{"@id":"https:\/\/marioschwarz.ch\/?page_id=24#primaryimage"},"thumbnailUrl":"https:\/\/marioschwarz.ch\/wp-content\/uploads\/2023\/01\/foto-ms-1.jpg","datePublished":"2023-01-10T11:52:53+00:00","dateModified":"2023-01-22T16:30:05+00:00","description":"Ihn faszinieren insbesondere die Strukturen des Holzes. So sucht er gerne H\u00f6lzer, die vielleicht nicht perfekt sind, sondern vom \u201eLeben\u201c gezeichnet sind.","breadcrumb":{"@id":"https:\/\/marioschwarz.ch\/?page_id=24#breadcrumb"},"inLanguage":"de-CH","potentialAction":[{"@type":"ReadAction","target":["https:\/\/marioschwarz.ch\/?page_id=24"]}]},{"@type":"ImageObject","inLanguage":"de-CH","@id":"https:\/\/marioschwarz.ch\/?page_id=24#primaryimage","url":"https:\/\/marioschwarz.ch\/wp-content\/uploads\/2023\/01\/foto-ms-1.jpg","contentUrl":"https:\/\/marioschwarz.ch\/wp-content\/uploads\/2023\/01\/foto-ms-1.jpg","width":768,"height":1024},{"@type":"BreadcrumbList","@id":"https:\/\/marioschwarz.ch\/?page_id=24#breadcrumb","itemListElement":[{"@type":"ListItem","position":1,"name":"Home","item":"https:\/\/marioschwarz.ch\/"},{"@type":"ListItem","position":2,"name":"Biografie"}]},{"@type":"WebSite","@id":"https:\/\/marioschwarz.ch\/#website","url":"https:\/\/marioschwarz.ch\/","name":"Mario Schwarz","description":"Holz drechseln mit Leidenschaft","publisher":{"@id":"https:\/\/marioschwarz.ch\/#\/schema\/person\/2ed80198f85a0d4d69f269d8a9d34ae9"},"alternateName":"Holz drechseln mit Leidenschaft","potentialAction":[{"@type":"SearchAction","target":{"@type":"EntryPoint","urlTemplate":"https:\/\/marioschwarz.ch\/?s={search_term_string}"},"query-input":{"@type":"PropertyValueSpecification","valueRequired":true,"valueName":"search_term_string"}}],"inLanguage":"de-CH"},{"@type":["Person","Organization"],"@id":"https:\/\/marioschwarz.ch\/#\/schema\/person\/2ed80198f85a0d4d69f269d8a9d34ae9","name":"marioschwarz","image":{"@type":"ImageObject","inLanguage":"de-CH","@id":"https:\/\/secure.gravatar.com\/avatar\/7ee8c6b75e8f935f2305b7262584040e86b76bf739979abf8eb2534582288a46?s=96&d=mm&r=g","url":"https:\/\/secure.gravatar.com\/avatar\/7ee8c6b75e8f935f2305b7262584040e86b76bf739979abf8eb2534582288a46?s=96&d=mm&r=g","contentUrl":"https:\/\/secure.gravatar.com\/avatar\/7ee8c6b75e8f935f2305b7262584040e86b76bf739979abf8eb2534582288a46?s=96&d=mm&r=g","caption":"marioschwarz"},"logo":{"@id":"https:\/\/secure.gravatar.com\/avatar\/7ee8c6b75e8f935f2305b7262584040e86b76bf739979abf8eb2534582288a46?s=96&d=mm&r=g"}}]}},"_links":{"self":[{"href":"https:\/\/marioschwarz.ch\/index.php?rest_route=\/wp\/v2\/pages\/24","targetHints":{"allow":["GET"]}}],"collection":[{"href":"https:\/\/marioschwarz.ch\/index.php?rest_route=\/wp\/v2\/pages"}],"about":[{"href":"https:\/\/marioschwarz.ch\/index.php?rest_route=\/wp\/v2\/types\/page"}],"author":[{"embeddable":true,"href":"https:\/\/marioschwarz.ch\/index.php?rest_route=\/wp\/v2\/users\/1"}],"replies":[{"embeddable":true,"href":"https:\/\/marioschwarz.ch\/index.php?rest_route=%2Fwp%2Fv2%2Fcomments&post=24"}],"version-history":[{"count":8,"href":"https:\/\/marioschwarz.ch\/index.php?rest_route=\/wp\/v2\/pages\/24\/revisions"}],"predecessor-version":[{"id":262,"href":"https:\/\/marioschwarz.ch\/index.php?rest_route=\/wp\/v2\/pages\/24\/revisions\/262"}],"wp:attachment":[{"href":"https:\/\/marioschwarz.ch\/index.php?rest_route=%2Fwp%2Fv2%2Fmedia&parent=24"}],"curies":[{"name":"wp","href":"https:\/\/api.w.org\/{rel}","templated":true}]}}