{"id":22,"date":"2023-01-10T11:48:27","date_gmt":"2023-01-10T11:48:27","guid":{"rendered":"https:\/\/marioschwarz.ch\/?page_id=22"},"modified":"2024-06-30T08:34:59","modified_gmt":"2024-06-30T08:34:59","slug":"veranstaltungen","status":"publish","type":"page","link":"https:\/\/marioschwarz.ch\/?page_id=22","title":{"rendered":"Ausstellungen"},"content":{"rendered":"<h4>2024<\/h4>\n<ul>\n<li><a href=\"https:\/\/www.aby-event.ch\/arte%20appenzell-24.htm\" target=\"_blank\" rel=\"noopener\">Arte Appenzell International, Herisau<\/a><\/li>\n<li><a href=\"https:\/\/aby-event.ch\/arbon-artist-editition-2.htm\" target=\"_blank\" rel=\"noopener\">Arbon Artist, im Schloss Arbon<\/a><\/li>\n<li><a href=\"https:\/\/aby-event.ch\/kunst-messe-arbon-2024.htm\" target=\"_blank\" rel=\"noopener\"><span class=\"Normal_Text xr_s3\">KUNST MESSE ARBON<\/span><\/a><\/li>\n<\/ul>\n<h4><strong>2023<\/strong><\/h4>\n<ul>\n<li>Auff\u00fchrung vom Orchester Constantina Classica, St Gallen<\/li>\n<li>Kunstausstellung Altersheim, Embrachertal<\/li>\n<li><a href=\"https:\/\/kunst-tag.ch\/\" target=\"_blank\" rel=\"noopener\">Kunst-Tag, Frauenfeld<\/a><\/li>\n<li><a href=\"https:\/\/aby-event.ch\/arbon-artist.htm\" target=\"_blank\" rel=\"noopener\">Arbon Artists, Schloss Arbon<\/a><\/li>\n<li><a href=\"https:\/\/www.galerieamgleis.ch\/impressionen\" target=\"_blank\" rel=\"noopener\"><span style=\"color: #000000;\">Galerie am Gleis, <\/span>Uzwil<\/a><\/li>\n<\/ul>\n<h4><strong>2022<\/strong><\/h4>\n<ul>\n<li>Offenes Atelier, Annette Grunert, Arbon<\/li>\n<li><a href=\"https:\/\/cantieni.wixsite.com\/galerie-post-balgach\" target=\"_blank\" rel=\"noopener\">Galerie zur alten Post, Balgach<\/a><\/li>\n<li>Art-Thur, Frauenfeld<\/li>\n<li>BasArt, Sevelen SG<\/li>\n<\/ul>\n","protected":false},"excerpt":{"rendered":"<p>2024 Arte Appenzell International, Herisau Arbon Artist, im Schloss Arbon KUNST MESSE ARBON 2023 Auff\u00fchrung vom Orchester Constantina Classica, St Gallen Kunstausstellung Altersheim, Embrachertal Kunst-Tag, Frauenfeld Arbon Artists, Schloss Arbon Galerie am Gleis, Uzwil 2022 Offenes Atelier, Annette Grunert, Arbon Galerie zur alten Post, Balgach Art-Thur, Frauenfeld BasArt, Sevelen SG<\/p>\n","protected":false},"author":1,"featured_media":0,"parent":0,"menu_order":0,"comment_status":"closed","ping_status":"closed","template":"","meta":{"footnotes":""},"class_list":["post-22","page","type-page","status-publish","hentry","gallery-content-unit","entry"],"yoast_head":"<!-- This site is optimized with the Yoast SEO plugin v27.4 - https:\/\/yoast.com\/product\/yoast-seo-wordpress\/ -->\n<title>Ausstellungen - Mario Schwarz<\/title>\n<meta name=\"description\" content=\"Bekannt geworden ist Mario Schwarz durch viele Urauff\u00fchrungen. Dabei stehen f\u00fcr ihn Werke von Schweizer Komponisten im Vordergrund. Er war Leiter und Gr\u00fcnder von Chor und Orchester des Collegium Musicum Ostschweiz.\" \/>\n<meta name=\"robots\" content=\"index, follow, max-snippet:-1, max-image-preview:large, max-video-preview:-1\" \/>\n<link rel=\"canonical\" href=\"https:\/\/marioschwarz.ch\/?page_id=22\" \/>\n<meta property=\"og:locale\" content=\"de_DE\" \/>\n<meta property=\"og:type\" content=\"article\" \/>\n<meta property=\"og:title\" content=\"Ausstellungen - Mario Schwarz\" \/>\n<meta property=\"og:description\" content=\"Bekannt geworden ist Mario Schwarz durch viele Urauff\u00fchrungen. Dabei stehen f\u00fcr ihn Werke von Schweizer Komponisten im Vordergrund. Er war Leiter und Gr\u00fcnder von Chor und Orchester des Collegium Musicum Ostschweiz.\" \/>\n<meta property=\"og:url\" content=\"https:\/\/marioschwarz.ch\/?page_id=22\" \/>\n<meta property=\"og:site_name\" content=\"Mario Schwarz\" \/>\n<meta property=\"article:modified_time\" content=\"2024-06-30T08:34:59+00:00\" \/>\n<meta name=\"twitter:card\" content=\"summary_large_image\" \/>\n<meta name=\"twitter:label1\" content=\"Gesch\u00e4tzte Lesezeit\" \/>\n\t<meta name=\"twitter:data1\" content=\"1\u00a0Minute\" \/>\n<script type=\"application\/ld+json\" class=\"yoast-schema-graph\">{\"@context\":\"https:\\\/\\\/schema.org\",\"@graph\":[{\"@type\":\"WebPage\",\"@id\":\"https:\\\/\\\/marioschwarz.ch\\\/?page_id=22\",\"url\":\"https:\\\/\\\/marioschwarz.ch\\\/?page_id=22\",\"name\":\"Ausstellungen - Mario Schwarz\",\"isPartOf\":{\"@id\":\"https:\\\/\\\/marioschwarz.ch\\\/#website\"},\"datePublished\":\"2023-01-10T11:48:27+00:00\",\"dateModified\":\"2024-06-30T08:34:59+00:00\",\"description\":\"Bekannt geworden ist Mario Schwarz durch viele Urauff\u00fchrungen. Dabei stehen f\u00fcr ihn Werke von Schweizer Komponisten im Vordergrund. Er war Leiter und Gr\u00fcnder von Chor und Orchester des Collegium Musicum Ostschweiz.\",\"breadcrumb\":{\"@id\":\"https:\\\/\\\/marioschwarz.ch\\\/?page_id=22#breadcrumb\"},\"inLanguage\":\"de-CH\",\"potentialAction\":[{\"@type\":\"ReadAction\",\"target\":[\"https:\\\/\\\/marioschwarz.ch\\\/?page_id=22\"]}]},{\"@type\":\"BreadcrumbList\",\"@id\":\"https:\\\/\\\/marioschwarz.ch\\\/?page_id=22#breadcrumb\",\"itemListElement\":[{\"@type\":\"ListItem\",\"position\":1,\"name\":\"Home\",\"item\":\"https:\\\/\\\/marioschwarz.ch\\\/\"},{\"@type\":\"ListItem\",\"position\":2,\"name\":\"Ausstellungen\"}]},{\"@type\":\"WebSite\",\"@id\":\"https:\\\/\\\/marioschwarz.ch\\\/#website\",\"url\":\"https:\\\/\\\/marioschwarz.ch\\\/\",\"name\":\"Mario Schwarz\",\"description\":\"Holz drechseln mit Leidenschaft\",\"publisher\":{\"@id\":\"https:\\\/\\\/marioschwarz.ch\\\/#\\\/schema\\\/person\\\/2ed80198f85a0d4d69f269d8a9d34ae9\"},\"alternateName\":\"Holz drechseln mit Leidenschaft\",\"potentialAction\":[{\"@type\":\"SearchAction\",\"target\":{\"@type\":\"EntryPoint\",\"urlTemplate\":\"https:\\\/\\\/marioschwarz.ch\\\/?s={search_term_string}\"},\"query-input\":{\"@type\":\"PropertyValueSpecification\",\"valueRequired\":true,\"valueName\":\"search_term_string\"}}],\"inLanguage\":\"de-CH\"},{\"@type\":[\"Person\",\"Organization\"],\"@id\":\"https:\\\/\\\/marioschwarz.ch\\\/#\\\/schema\\\/person\\\/2ed80198f85a0d4d69f269d8a9d34ae9\",\"name\":\"marioschwarz\",\"image\":{\"@type\":\"ImageObject\",\"inLanguage\":\"de-CH\",\"@id\":\"https:\\\/\\\/secure.gravatar.com\\\/avatar\\\/7ee8c6b75e8f935f2305b7262584040e86b76bf739979abf8eb2534582288a46?s=96&d=mm&r=g\",\"url\":\"https:\\\/\\\/secure.gravatar.com\\\/avatar\\\/7ee8c6b75e8f935f2305b7262584040e86b76bf739979abf8eb2534582288a46?s=96&d=mm&r=g\",\"contentUrl\":\"https:\\\/\\\/secure.gravatar.com\\\/avatar\\\/7ee8c6b75e8f935f2305b7262584040e86b76bf739979abf8eb2534582288a46?s=96&d=mm&r=g\",\"caption\":\"marioschwarz\"},\"logo\":{\"@id\":\"https:\\\/\\\/secure.gravatar.com\\\/avatar\\\/7ee8c6b75e8f935f2305b7262584040e86b76bf739979abf8eb2534582288a46?s=96&d=mm&r=g\"}}]}<\/script>\n<!-- \/ Yoast SEO plugin. -->","yoast_head_json":{"title":"Ausstellungen - Mario Schwarz","description":"Bekannt geworden ist Mario Schwarz durch viele Urauff\u00fchrungen. Dabei stehen f\u00fcr ihn Werke von Schweizer Komponisten im Vordergrund. Er war Leiter und Gr\u00fcnder von Chor und Orchester des Collegium Musicum Ostschweiz.","robots":{"index":"index","follow":"follow","max-snippet":"max-snippet:-1","max-image-preview":"max-image-preview:large","max-video-preview":"max-video-preview:-1"},"canonical":"https:\/\/marioschwarz.ch\/?page_id=22","og_locale":"de_DE","og_type":"article","og_title":"Ausstellungen - Mario Schwarz","og_description":"Bekannt geworden ist Mario Schwarz durch viele Urauff\u00fchrungen. Dabei stehen f\u00fcr ihn Werke von Schweizer Komponisten im Vordergrund. Er war Leiter und Gr\u00fcnder von Chor und Orchester des Collegium Musicum Ostschweiz.","og_url":"https:\/\/marioschwarz.ch\/?page_id=22","og_site_name":"Mario Schwarz","article_modified_time":"2024-06-30T08:34:59+00:00","twitter_card":"summary_large_image","twitter_misc":{"Gesch\u00e4tzte Lesezeit":"1\u00a0Minute"},"schema":{"@context":"https:\/\/schema.org","@graph":[{"@type":"WebPage","@id":"https:\/\/marioschwarz.ch\/?page_id=22","url":"https:\/\/marioschwarz.ch\/?page_id=22","name":"Ausstellungen - Mario Schwarz","isPartOf":{"@id":"https:\/\/marioschwarz.ch\/#website"},"datePublished":"2023-01-10T11:48:27+00:00","dateModified":"2024-06-30T08:34:59+00:00","description":"Bekannt geworden ist Mario Schwarz durch viele Urauff\u00fchrungen. Dabei stehen f\u00fcr ihn Werke von Schweizer Komponisten im Vordergrund. Er war Leiter und Gr\u00fcnder von Chor und Orchester des Collegium Musicum Ostschweiz.","breadcrumb":{"@id":"https:\/\/marioschwarz.ch\/?page_id=22#breadcrumb"},"inLanguage":"de-CH","potentialAction":[{"@type":"ReadAction","target":["https:\/\/marioschwarz.ch\/?page_id=22"]}]},{"@type":"BreadcrumbList","@id":"https:\/\/marioschwarz.ch\/?page_id=22#breadcrumb","itemListElement":[{"@type":"ListItem","position":1,"name":"Home","item":"https:\/\/marioschwarz.ch\/"},{"@type":"ListItem","position":2,"name":"Ausstellungen"}]},{"@type":"WebSite","@id":"https:\/\/marioschwarz.ch\/#website","url":"https:\/\/marioschwarz.ch\/","name":"Mario Schwarz","description":"Holz drechseln mit Leidenschaft","publisher":{"@id":"https:\/\/marioschwarz.ch\/#\/schema\/person\/2ed80198f85a0d4d69f269d8a9d34ae9"},"alternateName":"Holz drechseln mit Leidenschaft","potentialAction":[{"@type":"SearchAction","target":{"@type":"EntryPoint","urlTemplate":"https:\/\/marioschwarz.ch\/?s={search_term_string}"},"query-input":{"@type":"PropertyValueSpecification","valueRequired":true,"valueName":"search_term_string"}}],"inLanguage":"de-CH"},{"@type":["Person","Organization"],"@id":"https:\/\/marioschwarz.ch\/#\/schema\/person\/2ed80198f85a0d4d69f269d8a9d34ae9","name":"marioschwarz","image":{"@type":"ImageObject","inLanguage":"de-CH","@id":"https:\/\/secure.gravatar.com\/avatar\/7ee8c6b75e8f935f2305b7262584040e86b76bf739979abf8eb2534582288a46?s=96&d=mm&r=g","url":"https:\/\/secure.gravatar.com\/avatar\/7ee8c6b75e8f935f2305b7262584040e86b76bf739979abf8eb2534582288a46?s=96&d=mm&r=g","contentUrl":"https:\/\/secure.gravatar.com\/avatar\/7ee8c6b75e8f935f2305b7262584040e86b76bf739979abf8eb2534582288a46?s=96&d=mm&r=g","caption":"marioschwarz"},"logo":{"@id":"https:\/\/secure.gravatar.com\/avatar\/7ee8c6b75e8f935f2305b7262584040e86b76bf739979abf8eb2534582288a46?s=96&d=mm&r=g"}}]}},"_links":{"self":[{"href":"https:\/\/marioschwarz.ch\/index.php?rest_route=\/wp\/v2\/pages\/22","targetHints":{"allow":["GET"]}}],"collection":[{"href":"https:\/\/marioschwarz.ch\/index.php?rest_route=\/wp\/v2\/pages"}],"about":[{"href":"https:\/\/marioschwarz.ch\/index.php?rest_route=\/wp\/v2\/types\/page"}],"author":[{"embeddable":true,"href":"https:\/\/marioschwarz.ch\/index.php?rest_route=\/wp\/v2\/users\/1"}],"replies":[{"embeddable":true,"href":"https:\/\/marioschwarz.ch\/index.php?rest_route=%2Fwp%2Fv2%2Fcomments&post=22"}],"version-history":[{"count":59,"href":"https:\/\/marioschwarz.ch\/index.php?rest_route=\/wp\/v2\/pages\/22\/revisions"}],"predecessor-version":[{"id":504,"href":"https:\/\/marioschwarz.ch\/index.php?rest_route=\/wp\/v2\/pages\/22\/revisions\/504"}],"wp:attachment":[{"href":"https:\/\/marioschwarz.ch\/index.php?rest_route=%2Fwp%2Fv2%2Fmedia&parent=22"}],"curies":[{"name":"wp","href":"https:\/\/api.w.org\/{rel}","templated":true}]}}