{"id":158,"date":"2023-01-11T08:20:04","date_gmt":"2023-01-11T08:20:04","guid":{"rendered":"https:\/\/marioschwarz.ch\/?page_id=158"},"modified":"2024-02-19T09:23:38","modified_gmt":"2024-02-19T09:23:38","slug":"medien","status":"publish","type":"page","link":"https:\/\/marioschwarz.ch\/?page_id=158","title":{"rendered":"Medien"},"content":{"rendered":"\n<p><a href=\"https:\/\/marioschwarz.ch\/?page_id=117\">Ur- und Erstauff\u00fchrungen durch Mario Schwarz<\/a><\/p>\n\n\n\n<p>Ein Portrait \u00fcber den Dirigenten MS wurde im RTR ausgestrahlt. Mit dem untenstehenden Linke k\u00f6nnt ihr die Sendung nachh\u00f6ren oder das Interview auch nachlesen. Das Verstehen wird f\u00fcr viele doch eher anspruchsvoll. &#x1f60a; Viel Vergn\u00fcgen.<\/p>\n\n\n\n<p>Cordials salids<\/p>\n\n\n\n<p><a href=\"https:\/\/www.rtr.ch\/cultura\/musica\/artg-musical-mario-schwarz\">Artg musical &#8211; Mario Schwarz &#8211; Cultura &#8211; RTR<\/a> <\/p>\n","protected":false},"excerpt":{"rendered":"<p>Ur- und Erstauff\u00fchrungen durch Mario Schwarz Ein Portrait \u00fcber den Dirigenten MS wurde im RTR ausgestrahlt. Mit dem untenstehenden Linke k\u00f6nnt ihr die Sendung nachh\u00f6ren oder das Interview auch nachlesen. Das Verstehen wird f\u00fcr viele doch eher anspruchsvoll. &#x1f60a; Viel Vergn\u00fcgen. Cordials salids Artg musical &#8211; Mario Schwarz &#8211; Cultura &#8211; RTR<\/p>\n","protected":false},"author":1,"featured_media":0,"parent":0,"menu_order":0,"comment_status":"closed","ping_status":"closed","template":"","meta":{"footnotes":""},"class_list":["post-158","page","type-page","status-publish","hentry","gallery-content-unit","entry"],"yoast_head":"<!-- This site is optimized with the Yoast SEO plugin v27.5 - https:\/\/yoast.com\/product\/yoast-seo-wordpress\/ -->\n<title>Medien - Mario Schwarz<\/title>\n<meta name=\"robots\" content=\"index, follow, max-snippet:-1, max-image-preview:large, max-video-preview:-1\" \/>\n<link rel=\"canonical\" href=\"https:\/\/marioschwarz.ch\/?page_id=158\" \/>\n<meta property=\"og:locale\" content=\"de_DE\" \/>\n<meta property=\"og:type\" content=\"article\" \/>\n<meta property=\"og:title\" content=\"Medien - Mario Schwarz\" \/>\n<meta property=\"og:description\" content=\"Ur- und Erstauff\u00fchrungen durch Mario Schwarz Ein Portrait \u00fcber den Dirigenten MS wurde im RTR ausgestrahlt. Mit dem untenstehenden Linke k\u00f6nnt ihr die Sendung nachh\u00f6ren oder das Interview auch nachlesen. Das Verstehen wird f\u00fcr viele doch eher anspruchsvoll. &#x1f60a; Viel Vergn\u00fcgen. Cordials salids Artg musical &#8211; Mario Schwarz &#8211; Cultura &#8211; RTR\" \/>\n<meta property=\"og:url\" content=\"https:\/\/marioschwarz.ch\/?page_id=158\" \/>\n<meta property=\"og:site_name\" content=\"Mario Schwarz\" \/>\n<meta property=\"article:modified_time\" content=\"2024-02-19T09:23:38+00:00\" \/>\n<meta name=\"twitter:card\" content=\"summary_large_image\" \/>\n<meta name=\"twitter:label1\" content=\"Gesch\u00e4tzte Lesezeit\" \/>\n\t<meta name=\"twitter:data1\" content=\"1\u00a0Minute\" \/>\n<script type=\"application\/ld+json\" class=\"yoast-schema-graph\">{\"@context\":\"https:\\\/\\\/schema.org\",\"@graph\":[{\"@type\":\"WebPage\",\"@id\":\"https:\\\/\\\/marioschwarz.ch\\\/?page_id=158\",\"url\":\"https:\\\/\\\/marioschwarz.ch\\\/?page_id=158\",\"name\":\"Medien - Mario Schwarz\",\"isPartOf\":{\"@id\":\"https:\\\/\\\/marioschwarz.ch\\\/#website\"},\"datePublished\":\"2023-01-11T08:20:04+00:00\",\"dateModified\":\"2024-02-19T09:23:38+00:00\",\"breadcrumb\":{\"@id\":\"https:\\\/\\\/marioschwarz.ch\\\/?page_id=158#breadcrumb\"},\"inLanguage\":\"de-CH\",\"potentialAction\":[{\"@type\":\"ReadAction\",\"target\":[\"https:\\\/\\\/marioschwarz.ch\\\/?page_id=158\"]}]},{\"@type\":\"BreadcrumbList\",\"@id\":\"https:\\\/\\\/marioschwarz.ch\\\/?page_id=158#breadcrumb\",\"itemListElement\":[{\"@type\":\"ListItem\",\"position\":1,\"name\":\"Home\",\"item\":\"https:\\\/\\\/marioschwarz.ch\\\/\"},{\"@type\":\"ListItem\",\"position\":2,\"name\":\"Medien\"}]},{\"@type\":\"WebSite\",\"@id\":\"https:\\\/\\\/marioschwarz.ch\\\/#website\",\"url\":\"https:\\\/\\\/marioschwarz.ch\\\/\",\"name\":\"Mario Schwarz\",\"description\":\"Holz drechseln mit Leidenschaft\",\"publisher\":{\"@id\":\"https:\\\/\\\/marioschwarz.ch\\\/#\\\/schema\\\/person\\\/2ed80198f85a0d4d69f269d8a9d34ae9\"},\"alternateName\":\"Holz drechseln mit Leidenschaft\",\"potentialAction\":[{\"@type\":\"SearchAction\",\"target\":{\"@type\":\"EntryPoint\",\"urlTemplate\":\"https:\\\/\\\/marioschwarz.ch\\\/?s={search_term_string}\"},\"query-input\":{\"@type\":\"PropertyValueSpecification\",\"valueRequired\":true,\"valueName\":\"search_term_string\"}}],\"inLanguage\":\"de-CH\"},{\"@type\":[\"Person\",\"Organization\"],\"@id\":\"https:\\\/\\\/marioschwarz.ch\\\/#\\\/schema\\\/person\\\/2ed80198f85a0d4d69f269d8a9d34ae9\",\"name\":\"marioschwarz\",\"image\":{\"@type\":\"ImageObject\",\"inLanguage\":\"de-CH\",\"@id\":\"https:\\\/\\\/secure.gravatar.com\\\/avatar\\\/7ee8c6b75e8f935f2305b7262584040e86b76bf739979abf8eb2534582288a46?s=96&d=mm&r=g\",\"url\":\"https:\\\/\\\/secure.gravatar.com\\\/avatar\\\/7ee8c6b75e8f935f2305b7262584040e86b76bf739979abf8eb2534582288a46?s=96&d=mm&r=g\",\"contentUrl\":\"https:\\\/\\\/secure.gravatar.com\\\/avatar\\\/7ee8c6b75e8f935f2305b7262584040e86b76bf739979abf8eb2534582288a46?s=96&d=mm&r=g\",\"caption\":\"marioschwarz\"},\"logo\":{\"@id\":\"https:\\\/\\\/secure.gravatar.com\\\/avatar\\\/7ee8c6b75e8f935f2305b7262584040e86b76bf739979abf8eb2534582288a46?s=96&d=mm&r=g\"}}]}<\/script>\n<!-- \/ Yoast SEO plugin. -->","yoast_head_json":{"title":"Medien - Mario Schwarz","robots":{"index":"index","follow":"follow","max-snippet":"max-snippet:-1","max-image-preview":"max-image-preview:large","max-video-preview":"max-video-preview:-1"},"canonical":"https:\/\/marioschwarz.ch\/?page_id=158","og_locale":"de_DE","og_type":"article","og_title":"Medien - Mario Schwarz","og_description":"Ur- und Erstauff\u00fchrungen durch Mario Schwarz Ein Portrait \u00fcber den Dirigenten MS wurde im RTR ausgestrahlt. Mit dem untenstehenden Linke k\u00f6nnt ihr die Sendung nachh\u00f6ren oder das Interview auch nachlesen. Das Verstehen wird f\u00fcr viele doch eher anspruchsvoll. &#x1f60a; Viel Vergn\u00fcgen. Cordials salids Artg musical &#8211; Mario Schwarz &#8211; Cultura &#8211; RTR","og_url":"https:\/\/marioschwarz.ch\/?page_id=158","og_site_name":"Mario Schwarz","article_modified_time":"2024-02-19T09:23:38+00:00","twitter_card":"summary_large_image","twitter_misc":{"Gesch\u00e4tzte Lesezeit":"1\u00a0Minute"},"schema":{"@context":"https:\/\/schema.org","@graph":[{"@type":"WebPage","@id":"https:\/\/marioschwarz.ch\/?page_id=158","url":"https:\/\/marioschwarz.ch\/?page_id=158","name":"Medien - Mario Schwarz","isPartOf":{"@id":"https:\/\/marioschwarz.ch\/#website"},"datePublished":"2023-01-11T08:20:04+00:00","dateModified":"2024-02-19T09:23:38+00:00","breadcrumb":{"@id":"https:\/\/marioschwarz.ch\/?page_id=158#breadcrumb"},"inLanguage":"de-CH","potentialAction":[{"@type":"ReadAction","target":["https:\/\/marioschwarz.ch\/?page_id=158"]}]},{"@type":"BreadcrumbList","@id":"https:\/\/marioschwarz.ch\/?page_id=158#breadcrumb","itemListElement":[{"@type":"ListItem","position":1,"name":"Home","item":"https:\/\/marioschwarz.ch\/"},{"@type":"ListItem","position":2,"name":"Medien"}]},{"@type":"WebSite","@id":"https:\/\/marioschwarz.ch\/#website","url":"https:\/\/marioschwarz.ch\/","name":"Mario Schwarz","description":"Holz drechseln mit Leidenschaft","publisher":{"@id":"https:\/\/marioschwarz.ch\/#\/schema\/person\/2ed80198f85a0d4d69f269d8a9d34ae9"},"alternateName":"Holz drechseln mit Leidenschaft","potentialAction":[{"@type":"SearchAction","target":{"@type":"EntryPoint","urlTemplate":"https:\/\/marioschwarz.ch\/?s={search_term_string}"},"query-input":{"@type":"PropertyValueSpecification","valueRequired":true,"valueName":"search_term_string"}}],"inLanguage":"de-CH"},{"@type":["Person","Organization"],"@id":"https:\/\/marioschwarz.ch\/#\/schema\/person\/2ed80198f85a0d4d69f269d8a9d34ae9","name":"marioschwarz","image":{"@type":"ImageObject","inLanguage":"de-CH","@id":"https:\/\/secure.gravatar.com\/avatar\/7ee8c6b75e8f935f2305b7262584040e86b76bf739979abf8eb2534582288a46?s=96&d=mm&r=g","url":"https:\/\/secure.gravatar.com\/avatar\/7ee8c6b75e8f935f2305b7262584040e86b76bf739979abf8eb2534582288a46?s=96&d=mm&r=g","contentUrl":"https:\/\/secure.gravatar.com\/avatar\/7ee8c6b75e8f935f2305b7262584040e86b76bf739979abf8eb2534582288a46?s=96&d=mm&r=g","caption":"marioschwarz"},"logo":{"@id":"https:\/\/secure.gravatar.com\/avatar\/7ee8c6b75e8f935f2305b7262584040e86b76bf739979abf8eb2534582288a46?s=96&d=mm&r=g"}}]}},"_links":{"self":[{"href":"https:\/\/marioschwarz.ch\/index.php?rest_route=\/wp\/v2\/pages\/158","targetHints":{"allow":["GET"]}}],"collection":[{"href":"https:\/\/marioschwarz.ch\/index.php?rest_route=\/wp\/v2\/pages"}],"about":[{"href":"https:\/\/marioschwarz.ch\/index.php?rest_route=\/wp\/v2\/types\/page"}],"author":[{"embeddable":true,"href":"https:\/\/marioschwarz.ch\/index.php?rest_route=\/wp\/v2\/users\/1"}],"replies":[{"embeddable":true,"href":"https:\/\/marioschwarz.ch\/index.php?rest_route=%2Fwp%2Fv2%2Fcomments&post=158"}],"version-history":[{"count":11,"href":"https:\/\/marioschwarz.ch\/index.php?rest_route=\/wp\/v2\/pages\/158\/revisions"}],"predecessor-version":[{"id":485,"href":"https:\/\/marioschwarz.ch\/index.php?rest_route=\/wp\/v2\/pages\/158\/revisions\/485"}],"wp:attachment":[{"href":"https:\/\/marioschwarz.ch\/index.php?rest_route=%2Fwp%2Fv2%2Fmedia&parent=158"}],"curies":[{"name":"wp","href":"https:\/\/api.w.org\/{rel}","templated":true}]}}